{"id":400,"date":"2015-09-07T20:59:37","date_gmt":"2015-09-07T20:59:37","guid":{"rendered":"http:\/\/marksrelatives.com\/wordpress\/?page_id=400"},"modified":"2016-09-26T15:07:15","modified_gmt":"2016-09-26T15:07:15","slug":"bjorns-book","status":"publish","type":"page","link":"http:\/\/marksrelatives.com\/wordpress\/bjorns-book\/","title":{"rendered":"Bj\u00f8rn&#8217;s Book"},"content":{"rendered":"<figure id=\"attachment_371\" aria-describedby=\"caption-attachment-371\" style=\"width: 750px\" class=\"wp-caption alignnone\"><a href=\"http:\/\/marksrelatives.com\/wordpress\/wp-content\/uploads\/2015\/09\/esten-relatives.jpg\"><img loading=\"lazy\" decoding=\"async\" class=\"size-full wp-image-371\" src=\"http:\/\/marksrelatives.com\/wordpress\/wp-content\/uploads\/2015\/09\/esten-relatives.jpg\" alt=\"Esten Jonson Volden family\" width=\"750\" height=\"454\" srcset=\"http:\/\/marksrelatives.com\/wordpress\/wp-content\/uploads\/2015\/09\/esten-relatives.jpg 750w, http:\/\/marksrelatives.com\/wordpress\/wp-content\/uploads\/2015\/09\/esten-relatives-330x200.jpg 330w, http:\/\/marksrelatives.com\/wordpress\/wp-content\/uploads\/2015\/09\/esten-relatives-600x363.jpg 600w\" sizes=\"auto, (max-width: 750px) 100vw, 750px\" \/><\/a><figcaption id=\"caption-attachment-371\" class=\"wp-caption-text\">Esten Jonson Volden family<\/figcaption><\/figure>\n<h1>Bj\u00f8rn Andreas Johans\u00f8nn L\u00f8kken&#8217;s Book<\/h1>\n<p>With his permission, I&#8217;ll be adding the first two chapters of a book written by our cousin\u00a0Bj\u00f8rn Andreas Johans\u00f8nn L\u00f8kken, from Trondheim in Norway. It will take awhile. I need to translate it, but it&#8217;s a fascinating read so far! He&#8217;s traced our line back to England in the late 1500s. The time of\u00a0William Shakespeare. He tells the story of how our ancestors made the move to Norway, got involved in mining and\u00a0more.<\/p>\n<p>Salem,\u00a0Massachusetts wasn&#8217;t the first place to have\u00a0witch trials. A much larger version happened in Norway.\u00a0One ancestor &#8220;the witch from Rendalen&#8221; Ragnild Nordset, came very close to getting burned on the fire in 1671.<\/p>\n<p>&nbsp;<\/p>\n<p><strong>Use the menu at left to navigate the pages. &#8220;Bj\u00f8rn Book&#8221; had a submenu, but it didn&#8217;t seem to work on an iPad. I put Capter One directly below in the menu.<\/strong><\/p>\n<p>(<strong>There&#8217;s only 1 right now. More will be added.<\/strong>)<\/p>\n<h2>Can&#8217;t wait to read the entire chapter?<\/h2>\n<p>Here&#8217;s the first chapter in Norwegian.<\/p>\n<p><a href=\"http:\/\/marksrelatives.com\/wordpress\/wp-content\/uploads\/2015\/09\/bj\u00f8rn-andreas-johans\u00f8nn-l\u00f8kken-book-chapter-one.pdf\">bj\u00f8rn-andreas-johans\u00f8nn-l\u00f8kken-book-chapter-one<\/a><\/p>\n<p>&nbsp;<\/p>\n<h2>There&#8217;s more about\u00a0our common ancestor &#8220;Esten Jonson&#8221; here.<\/h2>\n<p>He\u00a0was\u00a0Esten Jonson Volden \u2013 1st burial in Berg Cemetery.<\/p>\n<p><a href=\"http:\/\/marksrelatives.com\/wordpress\/great-blizzard-of-1873\/\">The Great Blizzard of 1873<\/a><\/p>\n","protected":false},"excerpt":{"rendered":"<p>Bj\u00f8rn Andreas Johans\u00f8nn L\u00f8kken&#8217;s Book With his permission, I&#8217;ll be adding the first two chapters of a book written by our cousin\u00a0Bj\u00f8rn Andreas Johans\u00f8nn<\/p>\n","protected":false},"author":1,"featured_media":0,"parent":0,"menu_order":0,"comment_status":"open","ping_status":"open","template":"","meta":{"footnotes":""},"class_list":["post-400","page","type-page","status-publish","hentry"],"_links":{"self":[{"href":"http:\/\/marksrelatives.com\/wordpress\/wp-json\/wp\/v2\/pages\/400","targetHints":{"allow":["GET"]}}],"collection":[{"href":"http:\/\/marksrelatives.com\/wordpress\/wp-json\/wp\/v2\/pages"}],"about":[{"href":"http:\/\/marksrelatives.com\/wordpress\/wp-json\/wp\/v2\/types\/page"}],"author":[{"embeddable":true,"href":"http:\/\/marksrelatives.com\/wordpress\/wp-json\/wp\/v2\/users\/1"}],"replies":[{"embeddable":true,"href":"http:\/\/marksrelatives.com\/wordpress\/wp-json\/wp\/v2\/comments?post=400"}],"version-history":[{"count":1,"href":"http:\/\/marksrelatives.com\/wordpress\/wp-json\/wp\/v2\/pages\/400\/revisions"}],"predecessor-version":[{"id":418,"href":"http:\/\/marksrelatives.com\/wordpress\/wp-json\/wp\/v2\/pages\/400\/revisions\/418"}],"wp:attachment":[{"href":"http:\/\/marksrelatives.com\/wordpress\/wp-json\/wp\/v2\/media?parent=400"}],"curies":[{"name":"wp","href":"https:\/\/api.w.org\/{rel}","templated":true}]}}